{"id":205,"date":"2020-04-26T15:26:47","date_gmt":"2020-04-26T20:26:47","guid":{"rendered":"http:\/\/www.demo.mifotocabina.com\/gti_indicators\/?page_id=205"},"modified":"2020-06-06T20:10:40","modified_gmt":"2020-06-07T01:10:40","slug":"blog","status":"publish","type":"page","link":"https:\/\/www.gtindicators.com\/es\/blog\/","title":{"rendered":"BLOG"},"content":{"rendered":"<p><div class=\"fusion-fullwidth fullwidth-box fusion-builder-row-1 fusion-parallax-fixed encabezados nonhundred-percent-fullwidth non-hundred-percent-height-scrolling\" style=\"background-color: rgba(255,255,255,0);background-image: url(&quot;http:\/\/www.gtindicators.com\/wp-content\/uploads\/encabezado_blog.jpg&quot;);background-position: center top;background-repeat: no-repeat;padding-top:70px;padding-right:0px;padding-bottom:70px;padding-left:0px;margin-bottom: 0px;margin-top: 0px;border-width: 0px 0px 0px 0px;border-color:#e2e2e2;border-style:solid;-webkit-background-size:cover;-moz-background-size:cover;-o-background-size:cover;background-size:cover;background-attachment:fixed;\" ><div class=\"fusion-builder-row fusion-row\"><div class=\"fusion-layout-column fusion_builder_column fusion-builder-column-0 fusion_builder_column_1_1 1_1 fusion-one-full fusion-column-first fusion-column-last\" style=\"margin-top:0px;margin-bottom:20px;\"><div class=\"fusion-column-wrapper fusion-flex-column-wrapper-legacy\" style=\"background-position:left top;background-repeat:no-repeat;-webkit-background-size:cover;-moz-background-size:cover;-o-background-size:cover;background-size:cover;padding: 0px 0px 0px 0px;\"><div class=\"fusion-sep-clear\"><\/div><div class=\"fusion-separator\" style=\"margin-left: auto;margin-right: auto;margin-top:0px;margin-bottom:30px;width:100%;max-width:120px;\"><div class=\"fusion-separator-border sep-single sep-solid\" style=\"border-color:#ffffff;border-top-width:1px;\"><\/div><\/div><div class=\"fusion-sep-clear\"><\/div><div class=\"fusion-text fusion-text-1 blanco\"><h1 style=\"text-align: center;\">BLOG<\/h1>\n<\/div><div class=\"fusion-text fusion-text-2 blanco\"><h5 style=\"text-align: center;\">Blog de Noticias<\/h5>\n<\/div><div class=\"fusion-clearfix\"><\/div><\/div><\/div><\/div><\/div><div class=\"fusion-fullwidth fullwidth-box fusion-builder-row-2 nonhundred-percent-fullwidth non-hundred-percent-height-scrolling\" style=\"background-color: #f9f9fa;background-position: center top;background-repeat: no-repeat;padding-top:70px;padding-right:0px;padding-bottom:70px;padding-left:0px;margin-bottom: 0px;margin-top: 0px;border-width: 0px 0px 0px 0px;border-color:#e2e2e2;border-style:solid;\" ><div class=\"fusion-builder-row fusion-row\"><div class=\"fusion-layout-column fusion_builder_column fusion-builder-column-1 fusion_builder_column_1_1 1_1 fusion-one-full fusion-column-first fusion-column-last\" style=\"margin-top:0px;margin-bottom:20px;\"><div class=\"fusion-column-wrapper fusion-flex-column-wrapper-legacy\" style=\"background-position:left top;background-repeat:no-repeat;-webkit-background-size:cover;-moz-background-size:cover;-o-background-size:cover;background-size:cover;padding: 0px 0px 0px 0px;\"><div class=\"fusion-blog-shortcode fusion-blog-shortcode-1 fusion-blog-archive fusion-blog-layout-grid-wrapper fusion-blog-infinite fusion-blog-layout-left\"><style type=\"text\/css\">.fusion-blog-shortcode-1 .fusion-blog-layout-grid .fusion-post-grid{padding:20px;}.fusion-blog-shortcode-1 .fusion-posts-container{margin-left: -20px !important; margin-right:-20px !important;}<\/style><div class=\"fusion-posts-container fusion-posts-container-infinite fusion-no-meta-info fusion-blog-rollover fusion-blog-layout-grid fusion-blog-layout-grid-3 isotope fusion-blog-equal-heights\" data-pages=\"1\" data-grid-col-space=\"40\" style=\"margin: -20px -20px 0;min-height:500px;\"><article id=\"blog-1-post-217\" class=\"fusion-post-grid post-217 post type-post status-publish format-standard has-post-thumbnail hentry category-blog\">\n<div class=\"fusion-post-wrapper\" style=\"background-color:rgba(255,255,255,1);border:1px solid #f2f3f5;border-bottom-width:3px;\">\n\n\t\t\t<div class=\"fusion-flexslider flexslider fusion-flexslider-loading fusion-post-slideshow\" style=\"border-color:#f2f3f5;\">\n\t\t<ul class=\"slides\">\n\t\t\t\n\t\t\t\t\t\t\t\t\t\t\t\t\t\t<li><div  class=\"fusion-image-wrapper\" aria-haspopup=\"true\">\n\t\t\t\t<img width=\"640\" height=\"400\" src=\"https:\/\/www.gtindicators.com\/wp-content\/uploads\/noticia03.jpg\" class=\"attachment-full size-full wp-post-image\" alt=\"\" loading=\"lazy\" srcset=\"https:\/\/www.gtindicators.com\/wp-content\/uploads\/noticia03-200x125.jpg 200w, https:\/\/www.gtindicators.com\/wp-content\/uploads\/noticia03-400x250.jpg 400w, https:\/\/www.gtindicators.com\/wp-content\/uploads\/noticia03-600x375.jpg 600w, https:\/\/www.gtindicators.com\/wp-content\/uploads\/noticia03.jpg 640w\" sizes=\"(min-width: 2200px) 100vw, (min-width: 784px) 373px, (min-width: 712px) 560px, (min-width: 640px) 712px, \" \/><div class=\"fusion-rollover\">\n\t<div class=\"fusion-rollover-content\">\n\n\t\t\t\t\t\t\t\t\t\t\t\t\t\t<a class=\"fusion-rollover-link\" href=\"https:\/\/www.gtindicators.com\/es\/las-tecnicas-de-bitcoin-sugieren-que-el-rally-de-monstruos-fue-demasiado-lejos-demasiado-rapido\/\">Las t\u00e9cnicas de Bitcoin sugieren que el rally de monstruos fue demasiado lejos, demasiado r\u00e1pido<\/a>\n\t\t\t\n\t\t\t\t\t\t\t\t\n\t\t\n\t\t\t\t\t\t\t\t\n\t\t\t\t\t\t\t\t\n\t\t\n\t\t\t\t\t\t<a class=\"fusion-link-wrapper\" href=\"https:\/\/www.gtindicators.com\/es\/las-tecnicas-de-bitcoin-sugieren-que-el-rally-de-monstruos-fue-demasiado-lejos-demasiado-rapido\/\" aria-label=\"Las t\u00e9cnicas de Bitcoin sugieren que el rally de monstruos fue demasiado lejos, demasiado r\u00e1pido\"><\/a>\n\t<\/div>\n<\/div>\n<\/div>\n<\/li>\n\t\t\t\n\t\t\t\n\t\t\t\t\t\t\t\t\t\t\t\t\t\t\t\t\t\t\t\t\t\t\t\t\t\t\t\t\t\t\t\t\t\t\t\t\t\t\t\t\t\t\t\t\t\t\t\t\t\t\t\t\t\t\t\t\t\t\t\t\t\t\t\t\t\t\t\t<\/ul>\n\t<\/div>\n\t<div class=\"fusion-post-content-wrapper\" style=\"padding:30px 25px 25px 25px;\"><div class=\"fusion-post-content post-content\"><h2 class=\"blog-shortcode-post-title entry-title\"><a href=\"https:\/\/www.gtindicators.com\/es\/las-tecnicas-de-bitcoin-sugieren-que-el-rally-de-monstruos-fue-demasiado-lejos-demasiado-rapido\/\">Las t\u00e9cnicas de Bitcoin sugieren que el rally de monstruos fue demasiado lejos, demasiado r\u00e1pido<\/a><\/h2><div class=\"fusion-post-content-container\"><p>Bitcoin\u2019s trading around $9,000 once again but technical indicators show it may have gone up too far, too fast. Based [...]<\/p><\/div><\/div><\/div><div class=\"fusion-clearfix\"><\/div><\/div>\n<\/article>\n<article id=\"blog-1-post-223\" class=\"fusion-post-grid post-223 post type-post status-publish format-standard has-post-thumbnail hentry category-blog\">\n<div class=\"fusion-post-wrapper\" style=\"background-color:rgba(255,255,255,1);border:1px solid #f2f3f5;border-bottom-width:3px;\">\n\n\t\t\t<div class=\"fusion-flexslider flexslider fusion-flexslider-loading fusion-post-slideshow\" style=\"border-color:#f2f3f5;\">\n\t\t<ul class=\"slides\">\n\t\t\t\n\t\t\t\t\t\t\t\t\t\t\t\t\t\t<li><div  class=\"fusion-image-wrapper\" aria-haspopup=\"true\">\n\t\t\t\t<img width=\"640\" height=\"400\" src=\"https:\/\/www.gtindicators.com\/wp-content\/uploads\/noticia04.jpg\" class=\"attachment-full size-full wp-post-image\" alt=\"\" loading=\"lazy\" srcset=\"https:\/\/www.gtindicators.com\/wp-content\/uploads\/noticia04-200x125.jpg 200w, https:\/\/www.gtindicators.com\/wp-content\/uploads\/noticia04-400x250.jpg 400w, https:\/\/www.gtindicators.com\/wp-content\/uploads\/noticia04-600x375.jpg 600w, https:\/\/www.gtindicators.com\/wp-content\/uploads\/noticia04.jpg 640w\" sizes=\"(min-width: 2200px) 100vw, (min-width: 784px) 373px, (min-width: 712px) 560px, (min-width: 640px) 712px, \" \/><div class=\"fusion-rollover\">\n\t<div class=\"fusion-rollover-content\">\n\n\t\t\t\t\t\t\t\t\t\t\t\t\t\t<a class=\"fusion-rollover-link\" href=\"https:\/\/www.gtindicators.com\/es\/bitcoin-se-desploma-a-raiz-de-la-advertencia-de-desaceleracion-del-ano-nuevo-chino\/\">Bitcoin se desploma a ra\u00edz de la advertencia de desaceleraci\u00f3n del A\u00f1o Nuevo chino<\/a>\n\t\t\t\n\t\t\t\t\t\t\t\t\n\t\t\n\t\t\t\t\t\t\t\t\n\t\t\t\t\t\t\t\t\n\t\t\n\t\t\t\t\t\t<a class=\"fusion-link-wrapper\" href=\"https:\/\/www.gtindicators.com\/es\/bitcoin-se-desploma-a-raiz-de-la-advertencia-de-desaceleracion-del-ano-nuevo-chino\/\" aria-label=\"Bitcoin se desploma a ra\u00edz de la advertencia de desaceleraci\u00f3n del A\u00f1o Nuevo chino\"><\/a>\n\t<\/div>\n<\/div>\n<\/div>\n<\/li>\n\t\t\t\n\t\t\t\n\t\t\t\t\t\t\t\t\t\t\t\t\t\t\t\t\t\t\t\t\t\t\t\t\t\t\t\t\t\t\t\t\t\t\t\t\t\t\t\t\t\t\t\t\t\t\t\t\t\t\t\t\t\t\t\t\t\t\t\t\t\t\t\t\t\t\t\t<\/ul>\n\t<\/div>\n\t<div class=\"fusion-post-content-wrapper\" style=\"padding:30px 25px 25px 25px;\"><div class=\"fusion-post-content post-content\"><h2 class=\"blog-shortcode-post-title entry-title\"><a href=\"https:\/\/www.gtindicators.com\/es\/bitcoin-se-desploma-a-raiz-de-la-advertencia-de-desaceleracion-del-ano-nuevo-chino\/\">Bitcoin se desploma a ra\u00edz de la advertencia de desaceleraci\u00f3n del A\u00f1o Nuevo chino<\/a><\/h2><div class=\"fusion-post-content-container\"><p>Bitcoin traders appear to be heeding a warning of a demand slowdown ahead of China\u2019s lunar New Year. The largest [...]<\/p><\/div><\/div><\/div><div class=\"fusion-clearfix\"><\/div><\/div>\n<\/article>\n<article id=\"blog-1-post-202\" class=\"fusion-post-grid post-202 post type-post status-publish format-standard has-post-thumbnail hentry category-blog\">\n<div class=\"fusion-post-wrapper\" style=\"background-color:rgba(255,255,255,1);border:1px solid #f2f3f5;border-bottom-width:3px;\">\n\n\t\t\t<div class=\"fusion-flexslider flexslider fusion-flexslider-loading fusion-post-slideshow\" style=\"border-color:#f2f3f5;\">\n\t\t<ul class=\"slides\">\n\t\t\t\n\t\t\t\t\t\t\t\t\t\t\t\t\t\t<li><div  class=\"fusion-image-wrapper\" aria-haspopup=\"true\">\n\t\t\t\t<img width=\"640\" height=\"400\" src=\"https:\/\/www.gtindicators.com\/wp-content\/uploads\/noticia01.jpg\" class=\"attachment-full size-full wp-post-image\" alt=\"\" loading=\"lazy\" srcset=\"https:\/\/www.gtindicators.com\/wp-content\/uploads\/noticia01-200x125.jpg 200w, https:\/\/www.gtindicators.com\/wp-content\/uploads\/noticia01-400x250.jpg 400w, https:\/\/www.gtindicators.com\/wp-content\/uploads\/noticia01-600x375.jpg 600w, https:\/\/www.gtindicators.com\/wp-content\/uploads\/noticia01.jpg 640w\" sizes=\"(min-width: 2200px) 100vw, (min-width: 784px) 373px, (min-width: 712px) 560px, (min-width: 640px) 712px, \" \/><div class=\"fusion-rollover\">\n\t<div class=\"fusion-rollover-content\">\n\n\t\t\t\t\t\t\t\t\t\t\t\t\t\t<a class=\"fusion-rollover-link\" href=\"https:\/\/www.gtindicators.com\/es\/colombiano-lanza-aplicacion-en-bloomberg\/\">Colombiano lanza aplicaci\u00f3n en Bloomberg<\/a>\n\t\t\t\n\t\t\t\t\t\t\t\t\n\t\t\n\t\t\t\t\t\t\t\t\n\t\t\t\t\t\t\t\t\n\t\t\n\t\t\t\t\t\t<a class=\"fusion-link-wrapper\" href=\"https:\/\/www.gtindicators.com\/es\/colombiano-lanza-aplicacion-en-bloomberg\/\" aria-label=\"Colombiano lanza aplicaci\u00f3n en Bloomberg\"><\/a>\n\t<\/div>\n<\/div>\n<\/div>\n<\/li>\n\t\t\t\n\t\t\t\n\t\t\t\t\t\t\t\t\t\t\t\t\t\t\t\t\t\t\t\t\t\t\t\t\t\t\t\t\t\t\t\t\t\t\t\t\t\t\t\t\t\t\t\t\t\t\t\t\t\t\t\t\t\t\t\t\t\t\t\t\t\t\t\t\t\t\t\t<\/ul>\n\t<\/div>\n\t<div class=\"fusion-post-content-wrapper\" style=\"padding:30px 25px 25px 25px;\"><div class=\"fusion-post-content post-content\"><h2 class=\"blog-shortcode-post-title entry-title\"><a href=\"https:\/\/www.gtindicators.com\/es\/colombiano-lanza-aplicacion-en-bloomberg\/\">Colombiano lanza aplicaci\u00f3n en Bloomberg<\/a><\/h2><div class=\"fusion-post-content-container\"><p>Seg\u00fan la plataforma financiera \u201clos indicadores est\u00e1n basados en una teor\u00eda propia desarrollada denominada Explosi\u00f3n de Volatilidad Relativamente Ajustada (V.E.R.A. [...]<\/p><\/div><\/div><\/div><div class=\"fusion-clearfix\"><\/div><\/div>\n<\/article>\n<div class=\"fusion-clearfix\"><\/div><\/div><\/div><div class=\"fusion-clearfix\"><\/div><\/div><\/div><\/div><\/div><\/p>\n","protected":false},"excerpt":{"rendered":"","protected":false},"author":6,"featured_media":0,"parent":0,"menu_order":0,"comment_status":"closed","ping_status":"closed","template":"100-width.php","meta":{"_joinchat":[]},"_links":{"self":[{"href":"https:\/\/www.gtindicators.com\/es\/wp-json\/wp\/v2\/pages\/205"}],"collection":[{"href":"https:\/\/www.gtindicators.com\/es\/wp-json\/wp\/v2\/pages"}],"about":[{"href":"https:\/\/www.gtindicators.com\/es\/wp-json\/wp\/v2\/types\/page"}],"author":[{"embeddable":true,"href":"https:\/\/www.gtindicators.com\/es\/wp-json\/wp\/v2\/users\/6"}],"replies":[{"embeddable":true,"href":"https:\/\/www.gtindicators.com\/es\/wp-json\/wp\/v2\/comments?post=205"}],"version-history":[{"count":11,"href":"https:\/\/www.gtindicators.com\/es\/wp-json\/wp\/v2\/pages\/205\/revisions"}],"predecessor-version":[{"id":513,"href":"https:\/\/www.gtindicators.com\/es\/wp-json\/wp\/v2\/pages\/205\/revisions\/513"}],"wp:attachment":[{"href":"https:\/\/www.gtindicators.com\/es\/wp-json\/wp\/v2\/media?parent=205"}],"curies":[{"name":"wp","href":"https:\/\/api.w.org\/{rel}","templated":true}]}}