{"id":340,"date":"2020-05-26T15:23:23","date_gmt":"2020-05-26T20:23:23","guid":{"rendered":"http:\/\/www.demo.mifotocabina.com\/gti_indicators\/?page_id=340"},"modified":"2022-05-04T16:06:34","modified_gmt":"2022-05-04T21:06:34","slug":"ninjatrader","status":"publish","type":"page","link":"https:\/\/www.gtindicators.com\/es\/ninjatrader\/","title":{"rendered":"NinjaTrader"},"content":{"rendered":"<p><div class=\"fusion-fullwidth fullwidth-box fusion-builder-row-1 fusion-parallax-fixed encabezados nonhundred-percent-fullwidth non-hundred-percent-height-scrolling\" style=\"background-color: rgba(255,255,255,0);background-image: url(&quot;http:\/\/www.gtindicators.com\/wp-content\/uploads\/encabezado_plataformas.jpg&quot;);background-position: center top;background-repeat: no-repeat;padding-top:70px;padding-right:0px;padding-bottom:70px;padding-left:0px;margin-bottom: 0px;margin-top: 0px;border-width: 0px 0px 0px 0px;border-color:#e2e2e2;border-style:solid;-webkit-background-size:cover;-moz-background-size:cover;-o-background-size:cover;background-size:cover;background-attachment:fixed;\" ><div class=\"fusion-builder-row fusion-row\"><div class=\"fusion-layout-column fusion_builder_column fusion-builder-column-0 fusion_builder_column_1_1 1_1 fusion-one-full fusion-column-first fusion-column-last\" style=\"margin-top:0px;margin-bottom:20px;\"><div class=\"fusion-column-wrapper fusion-flex-column-wrapper-legacy\" style=\"background-position:left top;background-repeat:no-repeat;-webkit-background-size:cover;-moz-background-size:cover;-o-background-size:cover;background-size:cover;padding: 0px 0px 0px 0px;\"><div class=\"fusion-sep-clear\"><\/div><div class=\"fusion-separator\" style=\"margin-left: auto;margin-right: auto;margin-top:0px;margin-bottom:30px;width:100%;max-width:120px;\"><div class=\"fusion-separator-border sep-single sep-solid\" style=\"border-color:#ffffff;border-top-width:1px;\"><\/div><\/div><div class=\"fusion-sep-clear\"><\/div><div class=\"fusion-text fusion-text-1 blanco\"><h1 style=\"text-align: center;\">NinjaTrader<\/h1>\n<\/div><div class=\"fusion-text fusion-text-2 blanco\"><h5 style=\"text-align: center;\">\u00a1La versi\u00f3n 8 ya est\u00e1 aqu\u00ed!<\/h5>\n<\/div><div class=\"fusion-clearfix\"><\/div><\/div><\/div><\/div><\/div><div class=\"fusion-fullwidth fullwidth-box fusion-builder-row-2 nonhundred-percent-fullwidth non-hundred-percent-height-scrolling\" style=\"background-color: rgba(255,255,255,0);background-position: center top;background-repeat: no-repeat;padding-top:70px;padding-right:0px;padding-bottom:60px;padding-left:0px;margin-bottom: 0px;margin-top: 0px;border-width: 0px 0px 0px 0px;border-color:#e2e2e2;border-style:solid;\" ><div class=\"fusion-builder-row fusion-row\"><div class=\"fusion-layout-column fusion_builder_column fusion-builder-column-1 fusion_builder_column_2_3 2_3 fusion-two-third fusion-column-first\" style=\"width:66.666666666667%;width:calc(66.666666666667% - ( ( 4% ) * 0.66666666666667 ) );margin-right: 4%;margin-top:0px;margin-bottom:0px;\"><div class=\"fusion-column-wrapper fusion-flex-column-wrapper-legacy\" style=\"background-position:left top;background-repeat:no-repeat;-webkit-background-size:cover;-moz-background-size:cover;-o-background-size:cover;background-size:cover;padding: 0px 0px 0px 0px;\"><div class=\"fusion-sep-clear\"><\/div><div class=\"fusion-separator fusion-clearfix\" style=\"float:left;margin-top:0px;margin-bottom:30px;width:100%;max-width:120px;\"><div class=\"fusion-separator-border sep-single sep-solid\" style=\"border-color:#bd174e;border-top-width:1px;\"><\/div><\/div><div class=\"fusion-sep-clear\"><\/div><div class=\"fusion-text fusion-text-3\"><h1>NinjaTrader<\/h1>\n<h3>\u00a1La versi\u00f3n 8 ya est\u00e1 aqu\u00ed!<\/h3>\n<\/div><div class=\"fusion-sep-clear\"><\/div><div class=\"fusion-separator fusion-full-width-sep\" style=\"margin-left: auto;margin-right: auto;margin-top:10px;margin-bottom:10px;width:100%;\"><\/div><div class=\"fusion-sep-clear\"><\/div>\n<div class=\"fusion-text fusion-text-4\"><p>GTIndicators es el proveedor l\u00edder de an\u00e1lisis patentado para los amantes de GTI en NinjaTrader, una de las plataformas m\u00e1s utilizadas para futuros y operadores de Forex.<\/p>\n<p><strong>VERSIONES APOYADAS:\u00a0<\/strong>\u00a0NinjaTrader 8<\/p>\n<p><strong>MERCADOS ACCESIBLES:<\/strong>\u00a0\u00a0 Futuros y Forex<\/p>\n<p>&nbsp;<\/p>\n<p><strong>HAY QUE DESTACAR:<\/strong><\/p>\n<p><strong>EL PRECIO SOLO INCLUYE INDICADORES DE VERA BANDS<\/strong><\/p>\n<p><strong>LA PAGINA TOTAL ESTA DISPONIBLE SOLO PARA USUARIOS DE BLOOMBERG<\/strong><\/p>\n<ul>\n<li><strong><a href=\"http:\/\/ninjatrader.com\/LP\/VendorDemo\/\" target=\"_blank\" rel=\"noopener noreferrer\">Descargar Ninjatrader<\/a><\/strong> GRATIS<\/li>\n<li>Complementos y herramientas gr\u00e1ficas completas<\/li>\n<li>Simulaci\u00f3n y resultados de pruebas aleatorias (back-testing)<\/li>\n<\/ul>\n<\/div><div class=\"fusion-text fusion-text-5\"><form action=\"https:\/\/www.paypal.com\/cgi-bin\/webscr\" method=\"post\" target=\"_top\"><input name=\"cmd\" type=\"hidden\" value=\"_s-xclick\" \/><\/p>\n<p><input name=\"hosted_button_id\" type=\"hidden\" value=\"HW5RSPJKTJXEW\" \/><\/p>\n<table>\n<tbody>\n<tr>\n<td><input name=\"on0\" type=\"hidden\" value=\"Opciones de Pago\" \/>Opciones de Pago<\/td>\n<\/tr>\n<tr>\n<td><select name=\"os0\"><option value=\"Suscripcion Mensual\">Suscripcion Mensual : $50.00 USD &#8211; mensual<\/option><option value=\"Suscripcion Anual\">Suscripcion Anual : $499.00 USD &#8211; anual<\/option><\/select><\/td>\n<\/tr>\n<\/tbody>\n<\/table>\n<p><input name=\"currency_code\" type=\"hidden\" value=\"USD\" \/><\/p>\n<p><input alt=\"PayPal, la forma r\u00e1pida y segura de pagar en Internet.\" name=\"submit\" src=\"https:\/\/www.paypalobjects.com\/es_ES\/ES\/i\/btn\/btn_subscribeCC_LG.gif\" type=\"image\" \/><\/p>\n<p><img src=\"https:\/\/www.paypalobjects.com\/es_XC\/i\/scr\/pixel.gif\" alt=\"\" width=\"1\" height=\"1\" border=\"0\" \/><\/p>\n<\/form>\n<\/div><div class=\"fusion-clearfix\"><\/div><\/div><\/div><div class=\"fusion-layout-column fusion_builder_column fusion-builder-column-2 fusion_builder_column_1_3 1_3 fusion-one-third fusion-column-last\" style=\"width:33.333333333333%;width:calc(33.333333333333% - ( ( 4% ) * 0.33333333333333 ) );margin-top:0px;margin-bottom:20px;\"><div class=\"fusion-column-wrapper fusion-flex-column-wrapper-legacy\" style=\"background-position:left top;background-repeat:no-repeat;-webkit-background-size:cover;-moz-background-size:cover;-o-background-size:cover;background-size:cover;background-color:#ffffff;padding: 0px 0px 0px 0px;\"><div class=\"imageframe-align-center\"><span class=\" fusion-imageframe imageframe-none imageframe-1 hover-type-zoomin fusion-animated\" data-animationType=\"fadeIn\" data-animationDuration=\"0.2\" data-animationOffset=\"top-into-view\"><a class=\"fusion-no-lightbox\" href=\"http:\/\/ninjatrader.com\/LP\/VendorDemo\/\" target=\"_blank\" aria-label=\"logos_grandes_ninjatrader_02\" rel=\"noopener noreferrer\"><img width=\"580\" height=\"226\" src=\"https:\/\/www.gtindicators.com\/wp-content\/uploads\/logos_grandes_ninjatrader_02.png\" alt class=\"img-responsive wp-image-686\" srcset=\"https:\/\/www.gtindicators.com\/wp-content\/uploads\/logos_grandes_ninjatrader_02-200x78.png 200w, https:\/\/www.gtindicators.com\/wp-content\/uploads\/logos_grandes_ninjatrader_02-400x156.png 400w, https:\/\/www.gtindicators.com\/wp-content\/uploads\/logos_grandes_ninjatrader_02.png 580w\" sizes=\"(max-width: 1000px) 100vw, 400px\" \/><\/a><\/span><\/div><div class=\"imageframe-align-center\"><span class=\" fusion-imageframe imageframe-none imageframe-2 hover-type-zoomin fusion-animated\" data-animationType=\"fadeIn\" data-animationDuration=\"0.2\" data-animationOffset=\"top-into-view\"><a class=\"fusion-no-lightbox\" href=\"http:\/\/kinetick.com\/NinjaTrader\" target=\"_blank\" aria-label=\"logos_grandes_kinetick\" rel=\"noopener noreferrer\"><img width=\"580\" height=\"226\" src=\"https:\/\/www.gtindicators.com\/wp-content\/uploads\/logos_grandes_kinetick-1.png\" alt class=\"img-responsive wp-image-681\" srcset=\"https:\/\/www.gtindicators.com\/wp-content\/uploads\/logos_grandes_kinetick-1-200x78.png 200w, https:\/\/www.gtindicators.com\/wp-content\/uploads\/logos_grandes_kinetick-1-400x156.png 400w, https:\/\/www.gtindicators.com\/wp-content\/uploads\/logos_grandes_kinetick-1.png 580w\" sizes=\"(max-width: 1000px) 100vw, 400px\" \/><\/a><\/span><\/div><div class=\"fusion-clearfix\"><\/div><\/div><\/div><\/div><\/div><\/p>\n","protected":false},"excerpt":{"rendered":"","protected":false},"author":6,"featured_media":0,"parent":0,"menu_order":0,"comment_status":"closed","ping_status":"closed","template":"100-width.php","meta":{"_joinchat":[]},"_links":{"self":[{"href":"https:\/\/www.gtindicators.com\/es\/wp-json\/wp\/v2\/pages\/340"}],"collection":[{"href":"https:\/\/www.gtindicators.com\/es\/wp-json\/wp\/v2\/pages"}],"about":[{"href":"https:\/\/www.gtindicators.com\/es\/wp-json\/wp\/v2\/types\/page"}],"author":[{"embeddable":true,"href":"https:\/\/www.gtindicators.com\/es\/wp-json\/wp\/v2\/users\/6"}],"replies":[{"embeddable":true,"href":"https:\/\/www.gtindicators.com\/es\/wp-json\/wp\/v2\/comments?post=340"}],"version-history":[{"count":18,"href":"https:\/\/www.gtindicators.com\/es\/wp-json\/wp\/v2\/pages\/340\/revisions"}],"predecessor-version":[{"id":763,"href":"https:\/\/www.gtindicators.com\/es\/wp-json\/wp\/v2\/pages\/340\/revisions\/763"}],"wp:attachment":[{"href":"https:\/\/www.gtindicators.com\/es\/wp-json\/wp\/v2\/media?parent=340"}],"curies":[{"name":"wp","href":"https:\/\/api.w.org\/{rel}","templated":true}]}}