{"id":351,"date":"2020-05-26T15:31:11","date_gmt":"2020-05-26T20:31:11","guid":{"rendered":"http:\/\/www.demo.mifotocabina.com\/gti_indicators\/?page_id=351"},"modified":"2022-05-04T16:06:01","modified_gmt":"2022-05-04T21:06:01","slug":"tradestation","status":"publish","type":"page","link":"https:\/\/www.gtindicators.com\/es\/tradestation\/","title":{"rendered":"TradeStation"},"content":{"rendered":"<p><div class=\"fusion-fullwidth fullwidth-box fusion-builder-row-1 fusion-parallax-fixed encabezados nonhundred-percent-fullwidth non-hundred-percent-height-scrolling\" style=\"background-color: rgba(255,255,255,0);background-image: url(&quot;http:\/\/www.gtindicators.com\/wp-content\/uploads\/encabezado_plataformas.jpg&quot;);background-position: center top;background-repeat: no-repeat;padding-top:70px;padding-right:0px;padding-bottom:70px;padding-left:0px;margin-bottom: 0px;margin-top: 0px;border-width: 0px 0px 0px 0px;border-color:#e2e2e2;border-style:solid;-webkit-background-size:cover;-moz-background-size:cover;-o-background-size:cover;background-size:cover;background-attachment:fixed;\" ><div class=\"fusion-builder-row fusion-row\"><div class=\"fusion-layout-column fusion_builder_column fusion-builder-column-0 fusion_builder_column_1_1 1_1 fusion-one-full fusion-column-first fusion-column-last\" style=\"margin-top:0px;margin-bottom:20px;\"><div class=\"fusion-column-wrapper fusion-flex-column-wrapper-legacy\" style=\"background-position:left top;background-repeat:no-repeat;-webkit-background-size:cover;-moz-background-size:cover;-o-background-size:cover;background-size:cover;padding: 0px 0px 0px 0px;\"><div class=\"fusion-sep-clear\"><\/div><div class=\"fusion-separator\" style=\"margin-left: auto;margin-right: auto;margin-top:0px;margin-bottom:30px;width:100%;max-width:120px;\"><div class=\"fusion-separator-border sep-single sep-solid\" style=\"border-color:#ffffff;border-top-width:1px;\"><\/div><\/div><div class=\"fusion-sep-clear\"><\/div><div class=\"fusion-text fusion-text-1 blanco\"><h1 style=\"text-align: center;\">TradeStation<\/h1>\n<\/div><div class=\"fusion-text fusion-text-2 blanco\"><h5 style=\"text-align: center;\">Longevidad y tecnolog\u00eda<\/h5>\n<\/div><div class=\"fusion-clearfix\"><\/div><\/div><\/div><\/div><\/div><div class=\"fusion-fullwidth fullwidth-box fusion-builder-row-2 nonhundred-percent-fullwidth non-hundred-percent-height-scrolling\" style=\"background-color: rgba(255,255,255,0);background-position: center top;background-repeat: no-repeat;padding-top:70px;padding-right:0px;padding-bottom:60px;padding-left:0px;margin-bottom: 0px;margin-top: 0px;border-width: 0px 0px 0px 0px;border-color:#e2e2e2;border-style:solid;\" ><div class=\"fusion-builder-row fusion-row\"><div class=\"fusion-layout-column fusion_builder_column fusion-builder-column-1 fusion_builder_column_2_3 2_3 fusion-two-third fusion-column-first\" style=\"width:66.666666666667%;width:calc(66.666666666667% - ( ( 4% ) * 0.66666666666667 ) );margin-right: 4%;margin-top:0px;margin-bottom:0px;\"><div class=\"fusion-column-wrapper fusion-flex-column-wrapper-legacy\" style=\"background-position:left top;background-repeat:no-repeat;-webkit-background-size:cover;-moz-background-size:cover;-o-background-size:cover;background-size:cover;padding: 0px 0px 0px 0px;\"><div class=\"fusion-sep-clear\"><\/div><div class=\"fusion-separator fusion-clearfix\" style=\"float:left;margin-top:0px;margin-bottom:30px;width:100%;max-width:120px;\"><div class=\"fusion-separator-border sep-single sep-solid\" style=\"border-color:#bd174e;border-top-width:1px;\"><\/div><\/div><div class=\"fusion-sep-clear\"><\/div><div class=\"fusion-text fusion-text-3\"><h1>TradeStation<\/h1>\n<h3>Longevidad y tecnolog\u00eda<\/h3>\n<\/div><div class=\"fusion-sep-clear\"><\/div><div class=\"fusion-separator fusion-full-width-sep\" style=\"margin-left: auto;margin-right: auto;margin-top:10px;margin-bottom:10px;width:100%;\"><\/div><div class=\"fusion-sep-clear\"><\/div>\n<div class=\"fusion-text fusion-text-4\"><p>GTIndicators se enorgullece de ofrecer compatibilidad con TradeStation para los operadores que buscan acceso a los mercados de valores y futuros en un solo destino de corretaje.<\/p>\n<p><strong>VERSIONES APOYADAS:<\/strong>\u00a0\u00a0 TradeStation v10, v9.5 y v9.1<\/p>\n<p><strong>MERCADOS ACCESIBLES:<\/strong>\u00a0Renta variable y futuros<\/p>\n<p><strong>HAY QUE DESTACAR:<\/strong><\/p>\n<p><strong>EL PRECIO SOLO INCLUYE INDICADORES DE VERA BANDS<\/strong><\/p>\n<p><strong>LA PAGINA TOTAL ESTA DISPONIBLE SOLO PARA USUARIOS DE BLOOMBERG<\/strong><\/p>\n<ul>\n<li>Comercio a trav\u00e9s de software de escritorio y aplicaci\u00f3n m\u00f3vil<\/li>\n<li>Sin tarifas de plataforma con cuenta<\/li>\n<li>USD $500 m\u00ednimo de cuenta<\/li>\n<\/ul>\n<\/div><div class=\"fusion-text fusion-text-5\"><form action=\"https:\/\/www.paypal.com\/cgi-bin\/webscr\" method=\"post\" target=\"_top\"><input name=\"cmd\" type=\"hidden\" value=\"_s-xclick\" \/><br \/>\n<input name=\"hosted_button_id\" type=\"hidden\" value=\"SCE382TAVTDVU\" \/><\/p>\n<table>\n<tbody>\n<tr>\n<td><input name=\"on0\" type=\"hidden\" value=\"Opciones de Pago\" \/>Opciones de Pago<\/td>\n<\/tr>\n<tr>\n<td><select name=\"os0\"><option value=\"Suscripcion Mensual\">Suscripcion Mensual : $50.00 USD &#8211; mensual<\/option><option value=\"Suscripcion Anual\">Suscripcion Anual : $499.00 USD &#8211; anual<\/option><\/select><\/td>\n<\/tr>\n<\/tbody>\n<\/table>\n<p><input name=\"currency_code\" type=\"hidden\" value=\"USD\" \/><br \/>\n<input alt=\"PayPal - The safer, easier way to pay online!\" name=\"submit\" src=\"https:\/\/www.paypalobjects.com\/en_US\/i\/btn\/btn_subscribeCC_LG.gif\" type=\"image\" \/><br \/>\n<img src=\"https:\/\/www.paypalobjects.com\/es_XC\/i\/scr\/pixel.gif\" alt=\"\" width=\"1\" height=\"1\" border=\"0\" \/><\/p>\n<\/form>\n<\/div><div class=\"fusion-clearfix\"><\/div><\/div><\/div><div class=\"fusion-layout-column fusion_builder_column fusion-builder-column-2 fusion_builder_column_1_3 1_3 fusion-one-third fusion-column-last\" style=\"width:33.333333333333%;width:calc(33.333333333333% - ( ( 4% ) * 0.33333333333333 ) );margin-top:0px;margin-bottom:20px;\"><div class=\"fusion-column-wrapper fusion-flex-column-wrapper-legacy\" style=\"background-position:left top;background-repeat:no-repeat;-webkit-background-size:cover;-moz-background-size:cover;-o-background-size:cover;background-size:cover;background-color:#ffffff;padding: 0px 0px 0px 0px;\"><div class=\"imageframe-align-center\"><span class=\" fusion-imageframe imageframe-none imageframe-1 hover-type-zoomin fusion-animated\" data-animationType=\"fadeIn\" data-animationDuration=\"0.2\" data-animationOffset=\"top-into-view\"><img width=\"580\" height=\"320\" title=\"logos_grandes_tradestation\" src=\"http:\/\/www.gtindicators.com\/wp-content\/uploads\/logos_grandes_tradestation.png\" alt class=\"img-responsive wp-image-196\" srcset=\"https:\/\/www.gtindicators.com\/wp-content\/uploads\/logos_grandes_tradestation-200x110.png 200w, https:\/\/www.gtindicators.com\/wp-content\/uploads\/logos_grandes_tradestation-400x221.png 400w, https:\/\/www.gtindicators.com\/wp-content\/uploads\/logos_grandes_tradestation.png 580w\" sizes=\"(max-width: 1000px) 100vw, 400px\" \/><\/span><\/div><div class=\"fusion-clearfix\"><\/div><\/div><\/div><\/div><\/div><\/p>\n","protected":false},"excerpt":{"rendered":"","protected":false},"author":6,"featured_media":0,"parent":0,"menu_order":0,"comment_status":"closed","ping_status":"closed","template":"100-width.php","meta":{"_joinchat":[]},"_links":{"self":[{"href":"https:\/\/www.gtindicators.com\/es\/wp-json\/wp\/v2\/pages\/351"}],"collection":[{"href":"https:\/\/www.gtindicators.com\/es\/wp-json\/wp\/v2\/pages"}],"about":[{"href":"https:\/\/www.gtindicators.com\/es\/wp-json\/wp\/v2\/types\/page"}],"author":[{"embeddable":true,"href":"https:\/\/www.gtindicators.com\/es\/wp-json\/wp\/v2\/users\/6"}],"replies":[{"embeddable":true,"href":"https:\/\/www.gtindicators.com\/es\/wp-json\/wp\/v2\/comments?post=351"}],"version-history":[{"count":4,"href":"https:\/\/www.gtindicators.com\/es\/wp-json\/wp\/v2\/pages\/351\/revisions"}],"predecessor-version":[{"id":761,"href":"https:\/\/www.gtindicators.com\/es\/wp-json\/wp\/v2\/pages\/351\/revisions\/761"}],"wp:attachment":[{"href":"https:\/\/www.gtindicators.com\/es\/wp-json\/wp\/v2\/media?parent=351"}],"curies":[{"name":"wp","href":"https:\/\/api.w.org\/{rel}","templated":true}]}}