{"id":362,"date":"2020-05-26T15:47:11","date_gmt":"2020-05-26T20:47:11","guid":{"rendered":"http:\/\/www.demo.mifotocabina.com\/gti_indicators\/?page_id=362"},"modified":"2022-02-09T14:04:26","modified_gmt":"2022-02-09T19:04:26","slug":"bloomberg","status":"publish","type":"page","link":"https:\/\/www.gtindicators.com\/es\/bloomberg\/","title":{"rendered":"Bloomberg"},"content":{"rendered":"<p><div class=\"fusion-fullwidth fullwidth-box fusion-builder-row-1 fusion-parallax-fixed encabezados nonhundred-percent-fullwidth non-hundred-percent-height-scrolling\" style=\"background-color: rgba(255,255,255,0);background-image: url(&quot;http:\/\/www.gtindicators.com\/wp-content\/uploads\/encabezado_plataformas.jpg&quot;);background-position: center top;background-repeat: no-repeat;padding-top:70px;padding-right:0px;padding-bottom:70px;padding-left:0px;margin-bottom: 0px;margin-top: 0px;border-width: 0px 0px 0px 0px;border-color:#e2e2e2;border-style:solid;-webkit-background-size:cover;-moz-background-size:cover;-o-background-size:cover;background-size:cover;background-attachment:fixed;\" ><div class=\"fusion-builder-row fusion-row\"><div class=\"fusion-layout-column fusion_builder_column fusion-builder-column-0 fusion_builder_column_1_1 1_1 fusion-one-full fusion-column-first fusion-column-last\" style=\"margin-top:0px;margin-bottom:20px;\"><div class=\"fusion-column-wrapper fusion-flex-column-wrapper-legacy\" style=\"background-position:left top;background-repeat:no-repeat;-webkit-background-size:cover;-moz-background-size:cover;-o-background-size:cover;background-size:cover;padding: 0px 0px 0px 0px;\"><div class=\"fusion-sep-clear\"><\/div><div class=\"fusion-separator\" style=\"margin-left: auto;margin-right: auto;margin-top:0px;margin-bottom:30px;width:100%;max-width:120px;\"><div class=\"fusion-separator-border sep-single sep-solid\" style=\"border-color:#ffffff;border-top-width:1px;\"><\/div><\/div><div class=\"fusion-sep-clear\"><\/div><div class=\"fusion-text fusion-text-1 blanco\"><h1 style=\"text-align: center;\">Bloomberg<\/h1>\n<\/div><div class=\"fusion-text fusion-text-2 blanco\"><h5 style=\"text-align: center;\">Obtenga GTIndicators por medio de la plataforma Bloomberg<\/h5>\n<\/div><div class=\"fusion-clearfix\"><\/div><\/div><\/div><\/div><\/div><div class=\"fusion-fullwidth fullwidth-box fusion-builder-row-2 nonhundred-percent-fullwidth non-hundred-percent-height-scrolling\" style=\"background-color: rgba(255,255,255,0);background-position: center top;background-repeat: no-repeat;padding-top:70px;padding-right:0px;padding-bottom:60px;padding-left:0px;margin-bottom: 0px;margin-top: 0px;border-width: 0px 0px 0px 0px;border-color:#e2e2e2;border-style:solid;\" ><div class=\"fusion-builder-row fusion-row\"><div class=\"fusion-layout-column fusion_builder_column fusion-builder-column-1 fusion_builder_column_2_3 2_3 fusion-two-third fusion-column-first\" style=\"width:66.666666666667%;width:calc(66.666666666667% - ( ( 4% ) * 0.66666666666667 ) );margin-right: 4%;margin-top:0px;margin-bottom:0px;\"><div class=\"fusion-column-wrapper fusion-flex-column-wrapper-legacy\" style=\"background-position:left top;background-repeat:no-repeat;-webkit-background-size:cover;-moz-background-size:cover;-o-background-size:cover;background-size:cover;padding: 0px 0px 0px 0px;\"><div class=\"fusion-sep-clear\"><\/div><div class=\"fusion-separator fusion-clearfix\" style=\"float:left;margin-top:0px;margin-bottom:30px;width:100%;max-width:120px;\"><div class=\"fusion-separator-border sep-single sep-solid\" style=\"border-color:#bd174e;border-top-width:1px;\"><\/div><\/div><div class=\"fusion-sep-clear\"><\/div><div class=\"fusion-text fusion-text-3\"><h1>Bloomberg<\/h1>\n<h3>Obtenga GTIndicators por medio de la plataforma Bloomberg<\/h3>\n<\/div><div class=\"fusion-sep-clear\"><\/div><div class=\"fusion-separator fusion-full-width-sep\" style=\"margin-left: auto;margin-right: auto;margin-top:10px;margin-bottom:10px;width:100%;\"><\/div><div class=\"fusion-sep-clear\"><\/div>\n<div class=\"fusion-text fusion-text-4\"><p>Ejemplo:<\/p>\n<p>Escriba <strong>APPS GO<\/strong> en la plataforma profesional de Bloomberg, ah\u00ed aparecer\u00e1n nuestros indicadores<\/p>\n<p><img class=\"alignnone wp-image-363\" src=\"http:\/\/www.gtindicators.com\/wp-content\/uploads\/bloomberg_proceso01.jpg\" alt=\"\" width=\"720\" height=\"362\" srcset=\"https:\/\/www.gtindicators.com\/wp-content\/uploads\/bloomberg_proceso01-150x75.jpg 150w, https:\/\/www.gtindicators.com\/wp-content\/uploads\/bloomberg_proceso01-200x101.jpg 200w, https:\/\/www.gtindicators.com\/wp-content\/uploads\/bloomberg_proceso01-300x151.jpg 300w, https:\/\/www.gtindicators.com\/wp-content\/uploads\/bloomberg_proceso01-400x201.jpg 400w, https:\/\/www.gtindicators.com\/wp-content\/uploads\/bloomberg_proceso01-540x272.jpg 540w, https:\/\/www.gtindicators.com\/wp-content\/uploads\/bloomberg_proceso01-600x302.jpg 600w, https:\/\/www.gtindicators.com\/wp-content\/uploads\/bloomberg_proceso01-768x386.jpg 768w, https:\/\/www.gtindicators.com\/wp-content\/uploads\/bloomberg_proceso01-800x402.jpg 800w, https:\/\/www.gtindicators.com\/wp-content\/uploads\/bloomberg_proceso01-1024x515.jpg 1024w, https:\/\/www.gtindicators.com\/wp-content\/uploads\/bloomberg_proceso01-1200x603.jpg 1200w, https:\/\/www.gtindicators.com\/wp-content\/uploads\/bloomberg_proceso01-1536x772.jpg 1536w, https:\/\/www.gtindicators.com\/wp-content\/uploads\/bloomberg_proceso01.jpg 1600w\" sizes=\"(max-width: 720px) 100vw, 720px\" \/><\/p>\n<p>Despu\u00e9s de darle click a nuestra app le saldr\u00e1 la siguiente pesta\u00f1a para adquirirnos.<\/p>\n<p><img class=\"alignnone wp-image-364\" src=\"http:\/\/www.gtindicators.com\/wp-content\/uploads\/bloomberg_proceso02.jpg\" alt=\"\" width=\"720\" height=\"335\" srcset=\"https:\/\/www.gtindicators.com\/wp-content\/uploads\/bloomberg_proceso02-150x70.jpg 150w, https:\/\/www.gtindicators.com\/wp-content\/uploads\/bloomberg_proceso02-200x93.jpg 200w, https:\/\/www.gtindicators.com\/wp-content\/uploads\/bloomberg_proceso02-300x140.jpg 300w, https:\/\/www.gtindicators.com\/wp-content\/uploads\/bloomberg_proceso02-400x186.jpg 400w, https:\/\/www.gtindicators.com\/wp-content\/uploads\/bloomberg_proceso02-600x279.jpg 600w, https:\/\/www.gtindicators.com\/wp-content\/uploads\/bloomberg_proceso02-768x358.jpg 768w, https:\/\/www.gtindicators.com\/wp-content\/uploads\/bloomberg_proceso02-800x373.jpg 800w, https:\/\/www.gtindicators.com\/wp-content\/uploads\/bloomberg_proceso02-1024x477.jpg 1024w, https:\/\/www.gtindicators.com\/wp-content\/uploads\/bloomberg_proceso02-1200x559.jpg 1200w, https:\/\/www.gtindicators.com\/wp-content\/uploads\/bloomberg_proceso02-1536x715.jpg 1536w, https:\/\/www.gtindicators.com\/wp-content\/uploads\/bloomberg_proceso02.jpg 1600w\" sizes=\"(max-width: 720px) 100vw, 720px\" \/><\/p>\n<\/div><div class=\"fusion-clearfix\"><\/div><\/div><\/div><div class=\"fusion-layout-column fusion_builder_column fusion-builder-column-2 fusion_builder_column_1_3 1_3 fusion-one-third fusion-column-last\" style=\"width:33.333333333333%;width:calc(33.333333333333% - ( ( 4% ) * 0.33333333333333 ) );margin-top:0px;margin-bottom:20px;\"><div class=\"fusion-column-wrapper fusion-flex-column-wrapper-legacy\" style=\"background-position:left top;background-repeat:no-repeat;-webkit-background-size:cover;-moz-background-size:cover;-o-background-size:cover;background-size:cover;background-color:#ffffff;padding: 0px 0px 0px 0px;\"><div class=\"imageframe-align-center\"><span class=\" fusion-imageframe imageframe-none imageframe-1 hover-type-zoomin fusion-animated\" data-animationType=\"fadeIn\" data-animationDuration=\"0.2\" data-animationOffset=\"top-into-view\"><img width=\"580\" height=\"320\" title=\"logos_grandes_bloomberg\" src=\"http:\/\/www.gtindicators.com\/wp-content\/uploads\/logos_grandes_bloomberg.png\" alt class=\"img-responsive wp-image-198\" srcset=\"https:\/\/www.gtindicators.com\/wp-content\/uploads\/logos_grandes_bloomberg-200x110.png 200w, https:\/\/www.gtindicators.com\/wp-content\/uploads\/logos_grandes_bloomberg-400x221.png 400w, https:\/\/www.gtindicators.com\/wp-content\/uploads\/logos_grandes_bloomberg.png 580w\" sizes=\"(max-width: 1000px) 100vw, 400px\" \/><\/span><\/div><div class=\"fusion-clearfix\"><\/div><\/div><\/div><\/div><\/div><\/p>\n","protected":false},"excerpt":{"rendered":"","protected":false},"author":6,"featured_media":0,"parent":0,"menu_order":0,"comment_status":"closed","ping_status":"closed","template":"100-width.php","meta":{"_joinchat":[]},"_links":{"self":[{"href":"https:\/\/www.gtindicators.com\/es\/wp-json\/wp\/v2\/pages\/362"}],"collection":[{"href":"https:\/\/www.gtindicators.com\/es\/wp-json\/wp\/v2\/pages"}],"about":[{"href":"https:\/\/www.gtindicators.com\/es\/wp-json\/wp\/v2\/types\/page"}],"author":[{"embeddable":true,"href":"https:\/\/www.gtindicators.com\/es\/wp-json\/wp\/v2\/users\/6"}],"replies":[{"embeddable":true,"href":"https:\/\/www.gtindicators.com\/es\/wp-json\/wp\/v2\/comments?post=362"}],"version-history":[{"count":4,"href":"https:\/\/www.gtindicators.com\/es\/wp-json\/wp\/v2\/pages\/362\/revisions"}],"predecessor-version":[{"id":661,"href":"https:\/\/www.gtindicators.com\/es\/wp-json\/wp\/v2\/pages\/362\/revisions\/661"}],"wp:attachment":[{"href":"https:\/\/www.gtindicators.com\/es\/wp-json\/wp\/v2\/media?parent=362"}],"curies":[{"name":"wp","href":"https:\/\/api.w.org\/{rel}","templated":true}]}}